{"id":487,"date":"2023-05-22T19:14:19","date_gmt":"2023-05-22T19:14:19","guid":{"rendered":"https:\/\/tribunaldeconciliacionyarbitrajeqro.com.mx\/Proximamente\/?page_id=487"},"modified":"2023-05-22T20:35:56","modified_gmt":"2023-05-22T20:35:56","slug":"ley-de-disciplina-financiera-de-las-entidades-federativas-y-los-municipios","status":"publish","type":"page","link":"https:\/\/tribunaldeconciliacionyarbitrajeqro.com.mx\/Proximamente\/ley-de-disciplina-financiera-de-las-entidades-federativas-y-los-municipios\/","title":{"rendered":"LEY DE DISCIPLINA FINANCIERA DE LAS ENTIDADES FEDERATIVAS Y LOS MUNICIPIOS"},"content":{"rendered":"\t\t<div data-elementor-type=\"wp-page\" data-elementor-id=\"487\" class=\"elementor elementor-487\">\n\t\t\t\t\t\t\t\t\t<section class=\"elementor-section elementor-top-section elementor-element elementor-element-1e0e0b9 elementor-section-stretched elementor-section-boxed elementor-section-height-default elementor-section-height-default\" data-id=\"1e0e0b9\" data-element_type=\"section\" data-settings=\"{&quot;stretch_section&quot;:&quot;section-stretched&quot;,&quot;jet_parallax_layout_list&quot;:[]}\">\n\t\t\t\t\t\t<div class=\"elementor-container elementor-column-gap-default\">\n\t\t\t\t\t<div class=\"elementor-column elementor-col-100 elementor-top-column elementor-element elementor-element-82a8ec5\" data-id=\"82a8ec5\" data-element_type=\"column\">\n\t\t\t<div class=\"elementor-widget-wrap elementor-element-populated\">\n\t\t\t\t\t\t\t\t<div class=\"elementor-element elementor-element-313c935 elementor-widget elementor-widget-html\" data-id=\"313c935\" data-element_type=\"widget\" data-widget_type=\"html.default\">\n\t\t\t\t<div class=\"elementor-widget-container\">\n\t\t\t<!-- Option 1: Include in HTML -->\r\n<link rel=\"stylesheet\" href=\"https:\/\/cdn.jsdelivr.net\/npm\/bootstrap-icons@1.3.0\/font\/bootstrap-icons.css\">\r\n<link rel=\"stylesheet\" href=\"https:\/\/cdn.jsdelivr.net\/npm\/@fortawesome\/fontawesome-free@6.2.1\/css\/fontawesome.min.css\" integrity=\"sha384-QYIZto+st3yW+o8+5OHfT6S482Zsvz2WfOzpFSXMF9zqeLcFV0\/wlZpMtyFcZALm\" crossorigin=\"anonymous\">\r\n\r\n<ul id=\"myUL\">\r\n    <li><span class=\"caret bi-folder2\">LEY DE DISCIPLINA FINANCIERA\r\n<\/span>\r\n    <ul class=\"nested\">\r\n        <!--2019-->\r\n      <li><span class=\"caret bi-folder2\">INFORMACION FINANCIERA ANUAL\r\n<\/span>\r\n        <ul class=\"nested\">\r\n          <li><span class=\"caret bi-folder2\">2023<\/span>\r\n            <ul class=\"nested\">\r\n                <li><span class=\"caret bi-folder2\">1er Trimestre<\/span>\r\n            <ul class=\"nested\">\r\n              <li class=\"bi bi-file-pdf-fill\"><a title=\"Descargar\" href=\"\/images\/transparencia\/LEYDICIPLINAFINANCIERA\/2023\/LEY DE DISCIPLINA FINANCIERA 1ER. TRIMESTRE\/Balance Presupuestario.pdf\" target=\"_blank\">Balance Presupuestario<\/a>d<\/li>\r\n                <li class=\"bi bi-file-pdf-fill\"><a title=\"Descargar\" href=\"\/images\/transparencia\/LEYDICIPLINAFINANCIERA\/2023\/LEY DE DISCIPLINA FINANCIERA 1ER. TRIMESTRE\/Estado Anal\u00edtico de Ingresos Detallado.pdf\" target=\"_blank\">Estado Anal\u00edtico de Ingresos Detallado<\/a><\/li>\r\n                <li class=\"bi bi-file-pdf-fill\"><a title=\"Descargar\" href=\"\/images\/transparencia\/LEYDICIPLINAFINANCIERA\/2023\/LEY DE DISCIPLINA FINANCIERA 1ER. TRIMESTRE\/Estado Anal\u00edtico del Ejercicio del Presupuesto de Egresos Detallado - CA.pdf\" target=\"_blank\">Estado Anal\u00edtico del Ejercicio del Presupuesto de Egresos Detallado - CA<\/a><\/li>\r\n                <li class=\"bi bi-file-pdf-fill\"><a title=\"Descargar\" href=\"\/images\/transparencia\/LEYDICIPLINAFINANCIERA\/2023\/LEY DE DISCIPLINA FINANCIERA 1ER. TRIMESTRE\/Estado Anal\u00edtico del Ejercicio del Presupuesto de Egresos Detallado - CF.pdf\" target=\"_blank\">Estado Anal\u00edtico del Ejercicio del Presupuesto de Egresos Detallado - CF<\/a><\/li>\r\n                <li class=\"bi bi-file-pdf-fill\"><a title=\"Descargar\" href=\"\/images\/transparencia\/LEYDICIPLINAFINANCIERA\/2023\/LEY DE DISCIPLINA FINANCIERA 1ER. TRIMESTRE\/Estado Anal\u00edtico del Ejercicio del Presupuesto de Egresos Detallado - COG.pdf\" target=\"_blank\">Estado Anal\u00edtico del Ejercicio del Presupuesto de Egresos Detallado - COG<\/a><\/li>\r\n                <li class=\"bi bi-file-pdf-fill\"><a title=\"Descargar\" href=\"\/images\/transparencia\/LEYDICIPLINAFINANCIERA\/2023\/LEY DE DISCIPLINA FINANCIERA 1ER. TRIMESTRE\/Estado de Situaci\u00f3n Financiera Detallado.pdf\" target=\"_blank\">Estado de Situaci\u00f3n Financiera Detallado<\/a><\/li>\r\n                <li class=\"bi bi-file-pdf-fill\"><a title=\"Descargar\" href=\"\/images\/transparencia\/LEYDICIPLINAFINANCIERA\/2023\/LEY DE DISCIPLINA FINANCIERA 1ER. TRIMESTRE\/Informe Anal\u00edtico de la Deuda P\u00fablica y Otros Pasivos.pdf\" target=\"_blank\">Informe Anal\u00edtico de la Deuda P\u00fablica y Otros Pasivos<\/a><\/li>\r\n                <li class=\"bi bi-file-pdf-fill\"><a title=\"Descargar\" href=\"\/images\/transparencia\/LEYDICIPLINAFINANCIERA\/2023\/LEY DE DISCIPLINA FINANCIERA 1ER. TRIMESTRE\/Informe Anal\u00edtico de Obligaciones Diferentes de Financiamiento.pdf\" target=\"_blank\">Informe Anal\u00edtico de Obligaciones Diferentes de Financiamiento<\/a><\/li>\r\n                <li class=\"bi bi-file-pdf-fill\"><a title=\"Descargar\" href=\"\/images\/transparencia\/LEYDICIPLINAFINANCIERA\/2023\/LEY DE DISCIPLINA FINANCIERA 1ER. TRIMESTRE\/Informe sobre Estudios Actuariales.pdf\" target=\"_blank\">Informe sobre Estudios Actuariales<\/a><\/li>\r\n                <li class=\"bi bi-file-pdf-fill\"><a title=\"Descargar\" href=\"\/images\/transparencia\/LEYDICIPLINAFINANCIERA\/2023\/LEY DE DISCIPLINA FINANCIERA 1ER. TRIMESTRE\/Proyecciones de Egresos.pdf\" target=\"_blank\">Proyecciones de Egresos<\/a><\/li>\r\n                <li class=\"bi bi-file-pdf-fill\"><a title=\"Descargar\" href=\"\/images\/transparencia\/LEYDICIPLINAFINANCIERA\/2023\/LEY DE DISCIPLINA FINANCIERA 1ER. TRIMESTRE\/Proyecciones de Ingresos.pdf\" target=\"_blank\">Proyecciones de Ingresos<\/a><\/li>\r\n                <li class=\"bi bi-file-pdf-fill\"><a title=\"Descargar\" href=\"\/images\/transparencia\/LEYDICIPLINAFINANCIERA\/2023\/LEY DE DISCIPLINA FINANCIERA 1ER. TRIMESTRE\/Resultados de Egresos.pdf\" target=\"_blank\">Resultados de Egresos<\/a><\/li>\r\n                <li class=\"bi bi-file-pdf-fill\"><a title=\"Descargar\" href=\"\/images\/transparencia\/LEYDICIPLINAFINANCIERA\/2023\/LEY DE DISCIPLINA FINANCIERA 1ER. TRIMESTRE\/Resultados de Ingresos.pdf\" target=\"_blank\">Resultados de Ingresos<\/a><\/li>\r\n            <\/ul>\r\n            <\/li>\r\n            <\/ul>\r\n          <\/li>\r\n          <li><span class=\"caret bi-folder2\">2022<\/span>\r\n            <ul class=\"nested\">\r\n                <li><span class=\"caret bi-folder2\">4to Trimestre<\/span>\r\n            <ul class=\"nested\">\r\n              <li class=\"bi bi-file-pdf-fill\"><a title=\"Descargar\" href=\"\/images\/transparencia\/LEYDICIPLINAFINANCIERA\/2022\/LEY DE DISCIPLINA FINANCIERA 4TO TRIMESTRE\/Balance Presupuestario.pdf\" target=\"_blank\">Balance Presupuestario<\/a>d<\/li>\r\n                <li class=\"bi bi-file-pdf-fill\"><a title=\"Descargar\" href=\"\/images\/transparencia\/LEYDICIPLINAFINANCIERA\/2022\/LEY DE DISCIPLINA FINANCIERA 4TO TRIMESTRE\/Estado Anal\u00edtico de Ingresos Detallado.pdf\" target=\"_blank\">Estado Anal\u00edtico de Ingresos Detallado<\/a><\/li>\r\n                <li class=\"bi bi-file-pdf-fill\"><a title=\"Descargar\" href=\"\/images\/transparencia\/LEYDICIPLINAFINANCIERA\/2022\/LEY DE DISCIPLINA FINANCIERA 4TO TRIMESTRE\/Estado Anal\u00edtico del Ejercicio del Presupuesto de Egresos Detallado - CA.pdf\" target=\"_blank\">Estado Anal\u00edtico del Ejercicio del Presupuesto de Egresos Detallado - CA<\/a><\/li>\r\n                <li class=\"bi bi-file-pdf-fill\"><a title=\"Descargar\" href=\"\/images\/transparencia\/LEYDICIPLINAFINANCIERA\/2022\/LEY DE DISCIPLINA FINANCIERA 4TO TRIMESTRE\/Estado Anal\u00edtico del Ejercicio del Presupuesto de Egresos Detallado - CF.pdf\" target=\"_blank\">Estado Anal\u00edtico del Ejercicio del Presupuesto de Egresos Detallado - CF<\/a><\/li>\r\n                <li class=\"bi bi-file-pdf-fill\"><a title=\"Descargar\" href=\"\/images\/transparencia\/LEYDICIPLINAFINANCIERA\/2022\/LEY DE DISCIPLINA FINANCIERA 4TO TRIMESTRE\/Estado Anal\u00edtico del Ejercicio del Presupuesto de Egresos Detallado - COG.pdf\" target=\"_blank\">Estado Anal\u00edtico del Ejercicio del Presupuesto de Egresos Detallado - COG<\/a><\/li>\r\n                <li class=\"bi bi-file-pdf-fill\"><a title=\"Descargar\" href=\"\/images\/transparencia\/LEYDICIPLINAFINANCIERA\/2022\/LEY DE DISCIPLINA FINANCIERA 4TO TRIMESTRE\/Estado de Situaci\u00f3n Financiera Detallado.pdf\" target=\"_blank\">Estado de Situaci\u00f3n Financiera Detallado<\/a><\/li>\r\n                <li class=\"bi bi-file-pdf-fill\"><a title=\"Descargar\" href=\"\/images\/transparencia\/LEYDICIPLINAFINANCIERA\/2022\/LEY DE DISCIPLINA FINANCIERA 4TO TRIMESTRE\/Informe Anal\u00edtico de la Deuda P\u00fablica y Otros Pasivos.pdf\" target=\"_blank\">Informe Anal\u00edtico de la Deuda P\u00fablica y Otros Pasivos<\/a><\/li>\r\n                <li class=\"bi bi-file-pdf-fill\"><a title=\"Descargar\" href=\"\/images\/transparencia\/LEYDICIPLINAFINANCIERA\/2022\/LEY DE DISCIPLINA FINANCIERA 4TO TRIMESTRE\/Informe Anal\u00edtico de Obligaciones Diferentes de Financiamiento.pdf\" target=\"_blank\">Informe Anal\u00edtico de Obligaciones Diferentes de Financiamiento<\/a><\/li>\r\n                <li class=\"bi bi-file-pdf-fill\"><a title=\"Descargar\" href=\"\/images\/transparencia\/LEYDICIPLINAFINANCIERA\/2022\/LEY DE DISCIPLINA FINANCIERA 4TO TRIMESTRE\/Informe sobre Estudios Actuariales.pdf\" target=\"_blank\">Informe sobre Estudios Actuariales<\/a><\/li>\r\n                <li class=\"bi bi-file-pdf-fill\"><a title=\"Descargar\" href=\"\/images\/transparencia\/LEYDICIPLINAFINANCIERA\/2022\/LEY DE DISCIPLINA FINANCIERA 4TO TRIMESTRE\/Proyecciones de Egresos.pdf\" target=\"_blank\">Proyecciones de Egresos<\/a><\/li>\r\n                <li class=\"bi bi-file-pdf-fill\"><a title=\"Descargar\" href=\"\/images\/transparencia\/LEYDICIPLINAFINANCIERA\/2022\/LEY DE DISCIPLINA FINANCIERA 4TO TRIMESTRE\/Proyecciones de Ingresos.pdf\" target=\"_blank\">Proyecciones de Ingresos<\/a><\/li>\r\n                <li class=\"bi bi-file-pdf-fill\"><a title=\"Descargar\" href=\"\/images\/transparencia\/LEYDICIPLINAFINANCIERA\/2022\/LEY DE DISCIPLINA FINANCIERA 4TO TRIMESTRE\/Resultados de Egresos.pdf\" target=\"_blank\">Resultados de Egresos<\/a><\/li>\r\n                <li class=\"bi bi-file-pdf-fill\"><a title=\"Descargar\" href=\"\/images\/transparencia\/LEYDICIPLINAFINANCIERA\/2022\/LEY DE DISCIPLINA FINANCIERA 4TO TRIMESTRE\/Resultados de Ingresos.pdf\" target=\"_blank\">Resultados de Ingresos<\/a><\/li>\r\n            <\/ul>\r\n            <\/li>\r\n            <li><span class=\"caret bi-folder2\">3er Trimestre<\/span>\r\n            <ul class=\"nested\">\r\n              <li class=\"bi bi-file-pdf-fill\"><a title=\"Descargar\" href=\"\/images\/transparencia\/LEYDICIPLINAFINANCIERA\/2022\/LEY DE DISCIPLINA FINANCIERA 4TO TRIMESTRE\/Balance Presupuestario.pdf\" target=\"_blank\">Balance Presupuestario<\/a>d<\/li>\r\n                <li class=\"bi bi-file-pdf-fill\"><a title=\"Descargar\" href=\"\/images\/transparencia\/LEYDICIPLINAFINANCIERA\/2022\/LEY DE DISCIPLINA FINANCIERA 4TO TRIMESTRE\/Estado Anal\u00edtico de Ingresos Detallado.pdf\" target=\"_blank\">Estado Anal\u00edtico de Ingresos Detallado<\/a><\/li>\r\n                <li class=\"bi bi-file-pdf-fill\"><a title=\"Descargar\" href=\"\/images\/transparencia\/LEYDICIPLINAFINANCIERA\/2022\/LEY DE DISCIPLINA FINANCIERA 4TO TRIMESTRE\/Estado Anal\u00edtico del Ejercicio del Presupuesto de Egresos Detallado - CA.pdf\" target=\"_blank\">Estado Anal\u00edtico del Ejercicio del Presupuesto de Egresos Detallado - CA<\/a><\/li>\r\n                <li class=\"bi bi-file-pdf-fill\"><a title=\"Descargar\" href=\"\/images\/transparencia\/LEYDICIPLINAFINANCIERA\/2022\/LEY DE DISCIPLINA FINANCIERA 4TO TRIMESTRE\/Estado Anal\u00edtico del Ejercicio del Presupuesto de Egresos Detallado - CF.pdf\" target=\"_blank\">Estado Anal\u00edtico del Ejercicio del Presupuesto de Egresos Detallado - CF<\/a><\/li>\r\n                <li class=\"bi bi-file-pdf-fill\"><a title=\"Descargar\" href=\"\/images\/transparencia\/LEYDICIPLINAFINANCIERA\/2022\/LEY DE DISCIPLINA FINANCIERA 4TO TRIMESTRE\/Estado Anal\u00edtico del Ejercicio del Presupuesto de Egresos Detallado - COG.pdf\" target=\"_blank\">Estado Anal\u00edtico del Ejercicio del Presupuesto de Egresos Detallado - COG<\/a><\/li>\r\n                <li class=\"bi bi-file-pdf-fill\"><a title=\"Descargar\" href=\"\/images\/transparencia\/LEYDICIPLINAFINANCIERA\/2022\/LEY DE DISCIPLINA FINANCIERA 4TO TRIMESTRE\/Estado de Situaci\u00f3n Financiera Detallado.pdf\" target=\"_blank\">Estado de Situaci\u00f3n Financiera Detallado<\/a><\/li>\r\n                <li class=\"bi bi-file-pdf-fill\"><a title=\"Descargar\" href=\"\/images\/transparencia\/LEYDICIPLINAFINANCIERA\/2022\/LEY DE DISCIPLINA FINANCIERA 4TO TRIMESTRE\/Informe Anal\u00edtico de la Deuda P\u00fablica y Otros Pasivos.pdf\" target=\"_blank\">Informe Anal\u00edtico de la Deuda P\u00fablica y Otros Pasivos<\/a><\/li>\r\n                <li class=\"bi bi-file-pdf-fill\"><a title=\"Descargar\" href=\"\/images\/transparencia\/LEYDICIPLINAFINANCIERA\/2022\/LEY DE DISCIPLINA FINANCIERA 4TO TRIMESTRE\/Informe Anal\u00edtico de Obligaciones Diferentes de Financiamiento.pdf\" target=\"_blank\">Informe Anal\u00edtico de Obligaciones Diferentes de Financiamiento<\/a><\/li>\r\n                <li class=\"bi bi-file-pdf-fill\"><a title=\"Descargar\" href=\"\/images\/transparencia\/LEYDICIPLINAFINANCIERA\/2022\/LEY DE DISCIPLINA FINANCIERA 4TO TRIMESTRE\/Informe sobre Estudios Actuariales.pdf\" target=\"_blank\">Informe sobre Estudios Actuariales<\/a><\/li>\r\n                <li class=\"bi bi-file-pdf-fill\"><a title=\"Descargar\" href=\"\/images\/transparencia\/LEYDICIPLINAFINANCIERA\/2022\/LEY DE DISCIPLINA FINANCIERA 4TO TRIMESTRE\/Proyecciones de Egresos.pdf\" target=\"_blank\">Proyecciones de Egresos<\/a><\/li>\r\n                <li class=\"bi bi-file-pdf-fill\"><a title=\"Descargar\" href=\"\/images\/transparencia\/LEYDICIPLINAFINANCIERA\/2022\/LEY DE DISCIPLINA FINANCIERA 4TO TRIMESTRE\/Proyecciones de Ingresos.pdf\" target=\"_blank\">Proyecciones de Ingresos<\/a><\/li>\r\n                <li class=\"bi bi-file-pdf-fill\"><a title=\"Descargar\" href=\"\/images\/transparencia\/LEYDICIPLINAFINANCIERA\/2022\/LEY DE DISCIPLINA FINANCIERA 4TO TRIMESTRE\/Resultados de Egresos.pdf\" target=\"_blank\">Resultados de Egresos<\/a><\/li>\r\n                <li class=\"bi bi-file-pdf-fill\"><a title=\"Descargar\" href=\"\/images\/transparencia\/LEYDICIPLINAFINANCIERA\/2022\/LEY DE DISCIPLINA FINANCIERA 4TO TRIMESTRE\/Resultados de Ingresos.pdf\" target=\"_blank\">Resultados de Ingresos<\/a><\/li>\r\n            <\/ul>\r\n            <\/li>\r\n            <li><span class=\"caret bi-folder2\">2do Trimestre<\/span>\r\n            <ul class=\"nested\">\r\n              <li class=\"bi bi-file-pdf-fill\"><a title=\"Descargar\" href=\"\/images\/transparencia\/LEYDICIPLINAFINANCIERA\/2022\/LEY DE DISCIPLINA FINANCIERA 4TO TRIMESTRE\/Balance Presupuestario.pdf\" target=\"_blank\">Balance Presupuestario<\/a>d<\/li>\r\n                <li class=\"bi bi-file-pdf-fill\"><a title=\"Descargar\" href=\"\/images\/transparencia\/LEYDICIPLINAFINANCIERA\/2022\/LEY DE DISCIPLINA FINANCIERA 4TO TRIMESTRE\/Estado Anal\u00edtico de Ingresos Detallado.pdf\" target=\"_blank\">Estado Anal\u00edtico de Ingresos Detallado<\/a><\/li>\r\n                <li class=\"bi bi-file-pdf-fill\"><a title=\"Descargar\" href=\"\/images\/transparencia\/LEYDICIPLINAFINANCIERA\/2022\/LEY DE DISCIPLINA FINANCIERA 4TO TRIMESTRE\/Estado Anal\u00edtico del Ejercicio del Presupuesto de Egresos Detallado - CA.pdf\" target=\"_blank\">Estado Anal\u00edtico del Ejercicio del Presupuesto de Egresos Detallado - CA<\/a><\/li>\r\n                <li class=\"bi bi-file-pdf-fill\"><a title=\"Descargar\" href=\"\/images\/transparencia\/LEYDICIPLINAFINANCIERA\/2022\/LEY DE DISCIPLINA FINANCIERA 4TO TRIMESTRE\/Estado Anal\u00edtico del Ejercicio del Presupuesto de Egresos Detallado - CF.pdf\" target=\"_blank\">Estado Anal\u00edtico del Ejercicio del Presupuesto de Egresos Detallado - CF<\/a><\/li>\r\n                <li class=\"bi bi-file-pdf-fill\"><a title=\"Descargar\" href=\"\/images\/transparencia\/LEYDICIPLINAFINANCIERA\/2022\/LEY DE DISCIPLINA FINANCIERA 4TO TRIMESTRE\/Estado Anal\u00edtico del Ejercicio del Presupuesto de Egresos Detallado - COG.pdf\" target=\"_blank\">Estado Anal\u00edtico del Ejercicio del Presupuesto de Egresos Detallado - COG<\/a><\/li>\r\n                <li class=\"bi bi-file-pdf-fill\"><a title=\"Descargar\" href=\"\/images\/transparencia\/LEYDICIPLINAFINANCIERA\/2022\/LEY DE DISCIPLINA FINANCIERA 4TO TRIMESTRE\/Estado de Situaci\u00f3n Financiera Detallado.pdf\" target=\"_blank\">Estado de Situaci\u00f3n Financiera Detallado<\/a><\/li>\r\n                <li class=\"bi bi-file-pdf-fill\"><a title=\"Descargar\" href=\"\/images\/transparencia\/LEYDICIPLINAFINANCIERA\/2022\/LEY DE DISCIPLINA FINANCIERA 4TO TRIMESTRE\/Informe Anal\u00edtico de la Deuda P\u00fablica y Otros Pasivos.pdf\" target=\"_blank\">Informe Anal\u00edtico de la Deuda P\u00fablica y Otros Pasivos<\/a><\/li>\r\n                <li class=\"bi bi-file-pdf-fill\"><a title=\"Descargar\" href=\"\/images\/transparencia\/LEYDICIPLINAFINANCIERA\/2022\/LEY DE DISCIPLINA FINANCIERA 4TO TRIMESTRE\/Informe Anal\u00edtico de Obligaciones Diferentes de Financiamiento.pdf\" target=\"_blank\">Informe Anal\u00edtico de Obligaciones Diferentes de Financiamiento<\/a><\/li>\r\n                <li class=\"bi bi-file-pdf-fill\"><a title=\"Descargar\" href=\"\/images\/transparencia\/LEYDICIPLINAFINANCIERA\/2022\/LEY DE DISCIPLINA FINANCIERA 4TO TRIMESTRE\/Informe sobre Estudios Actuariales.pdf\" target=\"_blank\">Informe sobre Estudios Actuariales<\/a><\/li>\r\n                <li class=\"bi bi-file-pdf-fill\"><a title=\"Descargar\" href=\"\/images\/transparencia\/LEYDICIPLINAFINANCIERA\/2022\/LEY DE DISCIPLINA FINANCIERA 4TO TRIMESTRE\/Proyecciones de Egresos.pdf\" target=\"_blank\">Proyecciones de Egresos<\/a><\/li>\r\n                <li class=\"bi bi-file-pdf-fill\"><a title=\"Descargar\" href=\"\/images\/transparencia\/LEYDICIPLINAFINANCIERA\/2022\/LEY DE DISCIPLINA FINANCIERA 4TO TRIMESTRE\/Proyecciones de Ingresos.pdf\" target=\"_blank\">Proyecciones de Ingresos<\/a><\/li>\r\n                <li class=\"bi bi-file-pdf-fill\"><a title=\"Descargar\" href=\"\/images\/transparencia\/LEYDICIPLINAFINANCIERA\/2022\/LEY DE DISCIPLINA FINANCIERA 4TO TRIMESTRE\/Resultados de Egresos.pdf\" target=\"_blank\">Resultados de Egresos<\/a><\/li>\r\n                <li class=\"bi bi-file-pdf-fill\"><a title=\"Descargar\" href=\"\/images\/transparencia\/LEYDICIPLINAFINANCIERA\/2022\/LEY DE DISCIPLINA FINANCIERA 4TO TRIMESTRE\/Resultados de Ingresos.pdf\" target=\"_blank\">Resultados de Ingresos<\/a><\/li>\r\n            <\/ul>\r\n            <\/li>\r\n            <li><span class=\"caret bi-folder2\">1er Trimestre<\/span>\r\n            <ul class=\"nested\">\r\n              <li class=\"bi bi-file-pdf-fill\"><a title=\"Descargar\" href=\"\/images\/transparencia\/LEYDICIPLINAFINANCIERA\/2022\/LEY DE DISCIPLINA FINANCIERA 4TO TRIMESTRE\/Balance Presupuestario.pdf\" target=\"_blank\">Balance Presupuestario<\/a>d<\/li>\r\n                <li class=\"bi bi-file-pdf-fill\"><a title=\"Descargar\" href=\"\/images\/transparencia\/LEYDICIPLINAFINANCIERA\/2022\/LEY DE DISCIPLINA FINANCIERA 4TO TRIMESTRE\/Estado Anal\u00edtico de Ingresos Detallado.pdf\" target=\"_blank\">Estado Anal\u00edtico de Ingresos Detallado<\/a><\/li>\r\n                <li class=\"bi bi-file-pdf-fill\"><a title=\"Descargar\" href=\"\/images\/transparencia\/LEYDICIPLINAFINANCIERA\/2022\/LEY DE DISCIPLINA FINANCIERA 4TO TRIMESTRE\/Estado Anal\u00edtico del Ejercicio del Presupuesto de Egresos Detallado - CA.pdf\" target=\"_blank\">Estado Anal\u00edtico del Ejercicio del Presupuesto de Egresos Detallado - CA<\/a><\/li>\r\n                <li class=\"bi bi-file-pdf-fill\"><a title=\"Descargar\" href=\"\/images\/transparencia\/LEYDICIPLINAFINANCIERA\/2022\/LEY DE DISCIPLINA FINANCIERA 4TO TRIMESTRE\/Estado Anal\u00edtico del Ejercicio del Presupuesto de Egresos Detallado - CF.pdf\" target=\"_blank\">Estado Anal\u00edtico del Ejercicio del Presupuesto de Egresos Detallado - CF<\/a><\/li>\r\n                <li class=\"bi bi-file-pdf-fill\"><a title=\"Descargar\" href=\"\/images\/transparencia\/LEYDICIPLINAFINANCIERA\/2022\/LEY DE DISCIPLINA FINANCIERA 4TO TRIMESTRE\/Estado Anal\u00edtico del Ejercicio del Presupuesto de Egresos Detallado - COG.pdf\" target=\"_blank\">Estado Anal\u00edtico del Ejercicio del Presupuesto de Egresos Detallado - COG<\/a><\/li>\r\n                <li class=\"bi bi-file-pdf-fill\"><a title=\"Descargar\" href=\"\/images\/transparencia\/LEYDICIPLINAFINANCIERA\/2022\/LEY DE DISCIPLINA FINANCIERA 4TO TRIMESTRE\/Estado de Situaci\u00f3n Financiera Detallado.pdf\" target=\"_blank\">Estado de Situaci\u00f3n Financiera Detallado<\/a><\/li>\r\n                <li class=\"bi bi-file-pdf-fill\"><a title=\"Descargar\" href=\"\/images\/transparencia\/LEYDICIPLINAFINANCIERA\/2022\/LEY DE DISCIPLINA FINANCIERA 4TO TRIMESTRE\/Informe Anal\u00edtico de la Deuda P\u00fablica y Otros Pasivos.pdf\" target=\"_blank\">Informe Anal\u00edtico de la Deuda P\u00fablica y Otros Pasivos<\/a><\/li>\r\n                <li class=\"bi bi-file-pdf-fill\"><a title=\"Descargar\" href=\"\/images\/transparencia\/LEYDICIPLINAFINANCIERA\/2022\/LEY DE DISCIPLINA FINANCIERA 4TO TRIMESTRE\/Informe Anal\u00edtico de Obligaciones Diferentes de Financiamiento.pdf\" target=\"_blank\">Informe Anal\u00edtico de Obligaciones Diferentes de Financiamiento<\/a><\/li>\r\n                <li class=\"bi bi-file-pdf-fill\"><a title=\"Descargar\" href=\"\/images\/transparencia\/LEYDICIPLINAFINANCIERA\/2022\/LEY DE DISCIPLINA FINANCIERA 4TO TRIMESTRE\/Informe sobre Estudios Actuariales.pdf\" target=\"_blank\">Informe sobre Estudios Actuariales<\/a><\/li>\r\n                <li class=\"bi bi-file-pdf-fill\"><a title=\"Descargar\" href=\"\/images\/transparencia\/LEYDICIPLINAFINANCIERA\/2022\/LEY DE DISCIPLINA FINANCIERA 4TO TRIMESTRE\/Proyecciones de Egresos.pdf\" target=\"_blank\">Proyecciones de Egresos<\/a><\/li>\r\n                <li class=\"bi bi-file-pdf-fill\"><a title=\"Descargar\" href=\"\/images\/transparencia\/LEYDICIPLINAFINANCIERA\/2022\/LEY DE DISCIPLINA FINANCIERA 4TO TRIMESTRE\/Proyecciones de Ingresos.pdf\" target=\"_blank\">Proyecciones de Ingresos<\/a><\/li>\r\n                <li class=\"bi bi-file-pdf-fill\"><a title=\"Descargar\" href=\"\/images\/transparencia\/LEYDICIPLINAFINANCIERA\/2022\/LEY DE DISCIPLINA FINANCIERA 4TO TRIMESTRE\/Resultados de Egresos.pdf\" target=\"_blank\">Resultados de Egresos<\/a><\/li>\r\n                <li class=\"bi bi-file-pdf-fill\"><a title=\"Descargar\" href=\"\/images\/transparencia\/LEYDICIPLINAFINANCIERA\/2022\/LEY DE DISCIPLINA FINANCIERA 4TO TRIMESTRE\/Resultados de Ingresos.pdf\" target=\"_blank\">Resultados de Ingresos<\/a><\/li>\r\n            <\/ul>\r\n            <\/li>\r\n            <\/ul>\r\n          <\/li>\r\n          <li><span class=\"caret bi-folder2\">2021<\/span>\r\n            <ul class=\"nested\">\r\n              \r\n            <\/ul>\r\n          <\/li>\r\n          <li><span class=\"caret bi-folder2\">2020<\/span>\r\n            <ul class=\"nested\">\r\n                \r\n            <\/ul>\r\n          <\/li>\r\n          <li><span class=\"caret bi-folder2\">2019<\/span>\r\n            <ul class=\"nested\">\r\n                \r\n            <\/ul>\r\n          <\/li>\r\n          <li><span class=\"caret bi-folder2\">2018<\/span>\r\n            <ul class=\"nested\">\r\n                \r\n            <\/ul>\r\n          <\/li>\r\n          <li><span class=\"caret bi-folder2\">2017<\/span>\r\n            <ul class=\"nested\">\r\n                \r\n            <\/ul>\r\n          <\/li>\r\n          <li><span class=\"caret bi-folder2\">2016<\/span>\r\n            <ul class=\"nested\">\r\n                \r\n            <\/ul>\r\n          <\/li>\r\n          <li><span class=\"caret bi-folder2\">NORMATIVA<\/span>\r\n            <ul class=\"nested\">\r\n                \r\n            <\/ul>\r\n          <\/li>\r\n        <\/ul>\r\n      <\/li>\r\n    <\/ul>\r\n  <\/li>\r\n<\/ul>\r\n\r\n<script>\r\n    var toggler = document.getElementsByClassName(\"caret\");\r\nvar i;\r\n\r\nfor (i = 0; i < toggler.length; i++) {\r\n  toggler[i].addEventListener(\"click\", function() {\r\n    this.parentElement.querySelector(\".nested\").classList.toggle(\"active\");\r\n    this.classList.toggle(\"caret-down\");\r\n  });\r\n}\r\n<\/script>\t\t<\/div>\n\t\t\t\t<\/div>\n\t\t\t\t\t<\/div>\n\t\t<\/div>\n\t\t\t\t\t\t\t<\/div>\n\t\t<\/section>\n\t\t\t\t\t\t\t<\/div>\n\t\t","protected":false},"excerpt":{"rendered":"<p>LEY DE DISCIPLINA FINANCIERA INFORMACION FINANCIERA ANUAL 2023 1er Trimestre Balance Presupuestariod Estado Anal\u00edtico de Ingresos Detallado Estado Anal\u00edtico del Ejercicio del Presupuesto de Egresos Detallado &#8211; CA Estado Anal\u00edtico del Ejercicio del Presupuesto de Egresos Detallado &#8211; CF Estado &hellip; <a href=\"https:\/\/tribunaldeconciliacionyarbitrajeqro.com.mx\/Proximamente\/ley-de-disciplina-financiera-de-las-entidades-federativas-y-los-municipios\/\">Continuar<\/a><\/p>\n","protected":false},"author":1,"featured_media":0,"parent":0,"menu_order":0,"comment_status":"closed","ping_status":"closed","template":"","meta":{"footnotes":""},"class_list":["post-487","page","type-page","status-publish","hentry"],"_links":{"self":[{"href":"https:\/\/tribunaldeconciliacionyarbitrajeqro.com.mx\/Proximamente\/wp-json\/wp\/v2\/pages\/487","targetHints":{"allow":["GET"]}}],"collection":[{"href":"https:\/\/tribunaldeconciliacionyarbitrajeqro.com.mx\/Proximamente\/wp-json\/wp\/v2\/pages"}],"about":[{"href":"https:\/\/tribunaldeconciliacionyarbitrajeqro.com.mx\/Proximamente\/wp-json\/wp\/v2\/types\/page"}],"author":[{"embeddable":true,"href":"https:\/\/tribunaldeconciliacionyarbitrajeqro.com.mx\/Proximamente\/wp-json\/wp\/v2\/users\/1"}],"replies":[{"embeddable":true,"href":"https:\/\/tribunaldeconciliacionyarbitrajeqro.com.mx\/Proximamente\/wp-json\/wp\/v2\/comments?post=487"}],"version-history":[{"count":25,"href":"https:\/\/tribunaldeconciliacionyarbitrajeqro.com.mx\/Proximamente\/wp-json\/wp\/v2\/pages\/487\/revisions"}],"predecessor-version":[{"id":521,"href":"https:\/\/tribunaldeconciliacionyarbitrajeqro.com.mx\/Proximamente\/wp-json\/wp\/v2\/pages\/487\/revisions\/521"}],"wp:attachment":[{"href":"https:\/\/tribunaldeconciliacionyarbitrajeqro.com.mx\/Proximamente\/wp-json\/wp\/v2\/media?parent=487"}],"curies":[{"name":"wp","href":"https:\/\/api.w.org\/{rel}","templated":true}]}}