{"id":136,"date":"2023-05-18T15:38:14","date_gmt":"2023-05-18T15:38:14","guid":{"rendered":"https:\/\/tribunaldeconciliacionyarbitrajeqro.com.mx\/Proximamente\/?page_id=136"},"modified":"2023-05-18T16:19:04","modified_gmt":"2023-05-18T16:19:04","slug":"requisitos","status":"publish","type":"page","link":"https:\/\/tribunaldeconciliacionyarbitrajeqro.com.mx\/Proximamente\/requisitos\/","title":{"rendered":"Requisitos"},"content":{"rendered":"\t\t<div data-elementor-type=\"wp-page\" data-elementor-id=\"136\" class=\"elementor elementor-136\">\n\t\t\t\t\t\t\t\t\t<section class=\"elementor-section elementor-top-section elementor-element elementor-element-a1a2c4c elementor-section-stretched elementor-section-boxed elementor-section-height-default elementor-section-height-default\" data-id=\"a1a2c4c\" data-element_type=\"section\" data-settings=\"{&quot;stretch_section&quot;:&quot;section-stretched&quot;,&quot;jet_parallax_layout_list&quot;:[]}\">\n\t\t\t\t\t\t<div class=\"elementor-container elementor-column-gap-default\">\n\t\t\t\t\t<div class=\"elementor-column elementor-col-100 elementor-top-column elementor-element elementor-element-85aa791\" data-id=\"85aa791\" data-element_type=\"column\">\n\t\t\t<div class=\"elementor-widget-wrap elementor-element-populated\">\n\t\t\t\t\t\t\t\t<div class=\"elementor-element elementor-element-101f686 elementor-widget elementor-widget-text-editor\" data-id=\"101f686\" data-element_type=\"widget\" data-widget_type=\"text-editor.default\">\n\t\t\t\t<div class=\"elementor-widget-container\">\n\t\t\t<style>\/*! elementor - v3.16.0 - 17-10-2023 *\/\n.elementor-widget-text-editor.elementor-drop-cap-view-stacked .elementor-drop-cap{background-color:#69727d;color:#fff}.elementor-widget-text-editor.elementor-drop-cap-view-framed .elementor-drop-cap{color:#69727d;border:3px solid;background-color:transparent}.elementor-widget-text-editor:not(.elementor-drop-cap-view-default) .elementor-drop-cap{margin-top:8px}.elementor-widget-text-editor:not(.elementor-drop-cap-view-default) .elementor-drop-cap-letter{width:1em;height:1em}.elementor-widget-text-editor .elementor-drop-cap{float:left;text-align:center;line-height:1;font-size:50px}.elementor-widget-text-editor .elementor-drop-cap-letter{display:inline-block}<\/style>\t\t\t\t<h2><strong>REQUISITOS PARA INTERPONER RECURSO ANTE EL H. TRIBUNAL DE CONCILIACI\u00d3N\u00a0Y ARBITRAJE DEL ESTADO DE QUERETARO:<\/strong><\/h2><div><div><div dir=\"\"><div dir=\"\">\u00a0<\/div><div dir=\"\">\u00a0<\/div><div dir=\"\">Ser Trabajador y\/o beneficiario de trabajadores de los Poderes Ejecutivo, Legislativo y Judicial, \u00f3rganos con autonom\u00eda constitucional, municipios, entidades de la Administraci\u00f3n P\u00fablica.\u00a0<\/div><div>\u00a0<\/div><\/div><div dir=\"\">\u00a0<\/div><div dir=\"\">\u00a0<\/div><div dir=\"\">\u00a0<\/div><div dir=\"\">LEY DE LOS TRABAJADORES DEL ESTADO DE QUER\u00c9TARO\u00a0<\/div><div>\u00a0<\/div><div>T\u00cdTULO PRIMERO DISPOSICIONES GENERALES\u00a0<\/div><div>CAP\u00cdTULO \u00daNICO\u00a0<\/div><div>DISPOSICIONES GENERALES\u00a0<\/div><div>\u00a0<\/div><div>Art\u00edculo 1. La presente Ley es de observancia general para todos los servidores p\u00fablicos de las dependencias que integran el Gobierno del Estado, considerando a los Poderes Ejecutivo, Legislativo y Judicial, \u00f3rganos con autonom\u00eda constitucional, Municipios, empresas de participaci\u00f3n estatal y organismos descentralizados del Estado o de los Municipios y los trabajadores al servicio de estas instituciones.<\/div><\/div><\/div>\t\t\t\t\t\t<\/div>\n\t\t\t\t<\/div>\n\t\t\t\t\t<\/div>\n\t\t<\/div>\n\t\t\t\t\t\t\t<\/div>\n\t\t<\/section>\n\t\t\t\t<section class=\"elementor-section elementor-top-section elementor-element elementor-element-07bf177 elementor-section-stretched elementor-section-boxed elementor-section-height-default elementor-section-height-default\" data-id=\"07bf177\" data-element_type=\"section\" data-settings=\"{&quot;stretch_section&quot;:&quot;section-stretched&quot;,&quot;jet_parallax_layout_list&quot;:[]}\">\n\t\t\t\t\t\t<div class=\"elementor-container elementor-column-gap-default\">\n\t\t\t\t\t<div class=\"elementor-column elementor-col-100 elementor-top-column elementor-element elementor-element-0bc7bb9\" data-id=\"0bc7bb9\" data-element_type=\"column\">\n\t\t\t<div class=\"elementor-widget-wrap elementor-element-populated\">\n\t\t\t\t\t\t\t\t<div class=\"elementor-element elementor-element-7c13591 elementor-widget elementor-widget-heading\" data-id=\"7c13591\" data-element_type=\"widget\" data-widget_type=\"heading.default\">\n\t\t\t\t<div class=\"elementor-widget-container\">\n\t\t\t<style>\/*! elementor - v3.16.0 - 17-10-2023 *\/\n.elementor-heading-title{padding:0;margin:0;line-height:1}.elementor-widget-heading .elementor-heading-title[class*=elementor-size-]>a{color:inherit;font-size:inherit;line-height:inherit}.elementor-widget-heading .elementor-heading-title.elementor-size-small{font-size:15px}.elementor-widget-heading .elementor-heading-title.elementor-size-medium{font-size:19px}.elementor-widget-heading .elementor-heading-title.elementor-size-large{font-size:29px}.elementor-widget-heading .elementor-heading-title.elementor-size-xl{font-size:39px}.elementor-widget-heading .elementor-heading-title.elementor-size-xxl{font-size:59px}<\/style><h2 class=\"elementor-heading-title elementor-size-default\">Preguntas Frecuentes<\/h2>\t\t<\/div>\n\t\t\t\t<\/div>\n\t\t\t\t<div class=\"elementor-element elementor-element-42079e9 elementor-widget elementor-widget-accordion\" data-id=\"42079e9\" data-element_type=\"widget\" data-widget_type=\"accordion.default\">\n\t\t\t\t<div class=\"elementor-widget-container\">\n\t\t\t<style>\/*! elementor - v3.16.0 - 17-10-2023 *\/\n.elementor-accordion{text-align:left}.elementor-accordion .elementor-accordion-item{border:1px solid #d5d8dc}.elementor-accordion .elementor-accordion-item+.elementor-accordion-item{border-top:none}.elementor-accordion .elementor-tab-title{margin:0;padding:15px 20px;font-weight:700;line-height:1;cursor:pointer;outline:none}.elementor-accordion .elementor-tab-title .elementor-accordion-icon{display:inline-block;width:1.5em}.elementor-accordion .elementor-tab-title .elementor-accordion-icon svg{width:1em;height:1em}.elementor-accordion .elementor-tab-title .elementor-accordion-icon.elementor-accordion-icon-right{float:right;text-align:right}.elementor-accordion .elementor-tab-title .elementor-accordion-icon.elementor-accordion-icon-left{float:left;text-align:left}.elementor-accordion .elementor-tab-title .elementor-accordion-icon .elementor-accordion-icon-closed{display:block}.elementor-accordion .elementor-tab-title .elementor-accordion-icon .elementor-accordion-icon-opened,.elementor-accordion .elementor-tab-title.elementor-active .elementor-accordion-icon-closed{display:none}.elementor-accordion .elementor-tab-title.elementor-active .elementor-accordion-icon-opened{display:block}.elementor-accordion .elementor-tab-content{display:none;padding:15px 20px;border-top:1px solid #d5d8dc}@media (max-width:767px){.elementor-accordion .elementor-tab-title{padding:12px 15px}.elementor-accordion .elementor-tab-title .elementor-accordion-icon{width:1.2em}.elementor-accordion .elementor-tab-content{padding:7px 15px}}.e-con-inner>.elementor-widget-accordion,.e-con>.elementor-widget-accordion{width:var(--container-widget-width);--flex-grow:var(--container-widget-flex-grow)}<\/style>\t\t<div class=\"elementor-accordion\">\n\t\t\t\t\t\t\t<div class=\"elementor-accordion-item\">\n\t\t\t\t\t<div id=\"elementor-tab-title-6921\" class=\"elementor-tab-title\" data-tab=\"1\" role=\"button\" aria-controls=\"elementor-tab-content-6921\" aria-expanded=\"false\">\n\t\t\t\t\t\t\t\t\t\t\t\t\t<span class=\"elementor-accordion-icon elementor-accordion-icon-left\" aria-hidden=\"true\">\n\t\t\t\t\t\t\t\t\t\t\t\t\t\t\t<span class=\"elementor-accordion-icon-closed\"><i class=\"fas fa-plus\"><\/i><\/span>\n\t\t\t\t\t\t\t\t<span class=\"elementor-accordion-icon-opened\"><i class=\"fas fa-minus\"><\/i><\/span>\n\t\t\t\t\t\t\t\t\t\t\t\t\t\t<\/span>\n\t\t\t\t\t\t\t\t\t\t\t\t<a class=\"elementor-accordion-title\" tabindex=\"0\">\u00bfME DESPIDIERON Y NO ESTOY CONFORME CON LA LIQUIDACI\u00d3N Y NO SE A DONDE TENGO QUE ACUDIR?<\/a>\n\t\t\t\t\t<\/div>\n\t\t\t\t\t<div id=\"elementor-tab-content-6921\" class=\"elementor-tab-content elementor-clearfix\" data-tab=\"1\" role=\"region\" aria-labelledby=\"elementor-tab-title-6921\"><div><strong>RESPUESTA:<\/strong><\/div><div>\u00a0<\/div><div>PRIMERAMENTE DEBER\u00c1 DETERMINAR A QUIEN PRESTO SUS SERVICIOS<\/div><div>\u00a0<\/div><div>A)- A EMPRESAS Y\/O PARTICULARES<\/div><div>B)- GOBIERNO DEL ESTADO<\/div><div>\u00a0<\/div><div>SI SU RESPUESTA FUE\u00a0<strong>\u00abA\u00bb<\/strong>\u00a0\u00a0<\/div><div>DEBER\u00c1 ACUDIR PARA SU ORIENTACI\u00d3N A LA JUNTA DE CONCILIACI\u00d3N Y ARBITRAJE UBICADA EN\u00a0<a href=\"https:\/\/maps.google.com\/?q=CALLE+LUIS+PASTEUR+263+COL.+MERCURIO,+C.P.+76040,+QUER%C3%89TARO,+QRO&amp;entry=gmail&amp;source=g\">CALLE LUIS PASTEUR 263 COL. MERCURIO, C.P. 76040, QUER\u00c9TARO, QRO<\/a>.<\/div><div>\u00a0<\/div><div>SI SU RESPUESTA FUE\u00a0<strong>\u00abB\u00bb<\/strong><\/div><div>DEBER\u00c1 ACUDIR PARA SU ORIENTACI\u00d3N AL TRIBUNAL DE CONCILIACI\u00d3N Y ARBITRAJE DEL ESTADO DE QUER\u00c9TARO UBICADO EN CALLE\u00a0<b>JOS\u00c9<\/b>\u00a0MAR\u00cdA MORELOS 180, COL. CENTRO C.P. 76000 QUER\u00c9TARO, QRO.<\/div><\/div>\n\t\t\t\t<\/div>\n\t\t\t\t\t\t\t\t<\/div>\n\t\t\t\t<\/div>\n\t\t\t\t<\/div>\n\t\t\t\t\t<\/div>\n\t\t<\/div>\n\t\t\t\t\t\t\t<\/div>\n\t\t<\/section>\n\t\t\t\t\t\t\t<\/div>\n\t\t","protected":false},"excerpt":{"rendered":"<p>REQUISITOS PARA INTERPONER RECURSO ANTE EL H. TRIBUNAL DE CONCILIACI\u00d3N\u00a0Y ARBITRAJE DEL ESTADO DE QUERETARO: \u00a0\u00a0Ser Trabajador y\/o beneficiario de trabajadores de los Poderes Ejecutivo, Legislativo y Judicial, \u00f3rganos con autonom\u00eda constitucional, municipios, entidades de la Administraci\u00f3n P\u00fablica.\u00a0\u00a0\u00a0\u00a0\u00a0LEY DE LOS &hellip; <a href=\"https:\/\/tribunaldeconciliacionyarbitrajeqro.com.mx\/Proximamente\/requisitos\/\">Continuar<\/a><\/p>\n","protected":false},"author":1,"featured_media":0,"parent":0,"menu_order":0,"comment_status":"closed","ping_status":"closed","template":"","meta":{"footnotes":""},"class_list":["post-136","page","type-page","status-publish","hentry"],"_links":{"self":[{"href":"https:\/\/tribunaldeconciliacionyarbitrajeqro.com.mx\/Proximamente\/wp-json\/wp\/v2\/pages\/136","targetHints":{"allow":["GET"]}}],"collection":[{"href":"https:\/\/tribunaldeconciliacionyarbitrajeqro.com.mx\/Proximamente\/wp-json\/wp\/v2\/pages"}],"about":[{"href":"https:\/\/tribunaldeconciliacionyarbitrajeqro.com.mx\/Proximamente\/wp-json\/wp\/v2\/types\/page"}],"author":[{"embeddable":true,"href":"https:\/\/tribunaldeconciliacionyarbitrajeqro.com.mx\/Proximamente\/wp-json\/wp\/v2\/users\/1"}],"replies":[{"embeddable":true,"href":"https:\/\/tribunaldeconciliacionyarbitrajeqro.com.mx\/Proximamente\/wp-json\/wp\/v2\/comments?post=136"}],"version-history":[{"count":10,"href":"https:\/\/tribunaldeconciliacionyarbitrajeqro.com.mx\/Proximamente\/wp-json\/wp\/v2\/pages\/136\/revisions"}],"predecessor-version":[{"id":148,"href":"https:\/\/tribunaldeconciliacionyarbitrajeqro.com.mx\/Proximamente\/wp-json\/wp\/v2\/pages\/136\/revisions\/148"}],"wp:attachment":[{"href":"https:\/\/tribunaldeconciliacionyarbitrajeqro.com.mx\/Proximamente\/wp-json\/wp\/v2\/media?parent=136"}],"curies":[{"name":"wp","href":"https:\/\/api.w.org\/{rel}","templated":true}]}}